{"id":3182,"date":"2025-07-09T13:33:55","date_gmt":"2025-07-09T13:33:55","guid":{"rendered":"https:\/\/www.sodecia.com\/?page_id=3182"},"modified":"2025-07-14T08:47:06","modified_gmt":"2025-07-14T08:47:06","slug":"impressum-pt-version","status":"publish","type":"page","link":"https:\/\/www.sodecia.com\/index.php\/impressum-pt-version\/","title":{"rendered":"Impressum &#8211; Portuguese version"},"content":{"rendered":"<p>[et_pb_section fb_built=&#8221;1&#8243; _builder_version=&#8221;4.27.4&#8243; _module_preset=&#8221;default&#8221; custom_margin=&#8221;100px||||false|false&#8221; custom_margin_tablet=&#8221;0px||||false|false&#8221; custom_margin_phone=&#8221;0px||||false|false&#8221; custom_margin_last_edited=&#8221;on|tablet&#8221; da_disable_devices=&#8221;off|off|off&#8221; global_colors_info=&#8221;{}&#8221; da_is_popup=&#8221;off&#8221; da_exit_intent=&#8221;off&#8221; da_has_close=&#8221;on&#8221; da_alt_close=&#8221;off&#8221; da_dark_close=&#8221;off&#8221; da_not_modal=&#8221;on&#8221; da_is_singular=&#8221;off&#8221; da_with_loader=&#8221;off&#8221; da_has_shadow=&#8221;on&#8221;][et_pb_row _builder_version=&#8221;4.27.4&#8243; _module_preset=&#8221;default&#8221; locked=&#8221;off&#8221; global_colors_info=&#8221;{}&#8221;][et_pb_column type=&#8221;4_4&#8243; _builder_version=&#8221;4.27.4&#8243; _module_preset=&#8221;default&#8221; global_colors_info=&#8221;{}&#8221;][et_pb_text _builder_version=&#8221;4.27.4&#8243; _module_preset=&#8221;default&#8221; header_2_font=&#8221;Titillium Web||||||||&#8221; header_2_text_color=&#8221;#005288&#8243; header_2_font_size=&#8221;50px&#8221; header_3_font=&#8221;Titillium Web||||||||&#8221; header_3_text_align=&#8221;center&#8221; header_3_text_color=&#8221;#005288&#8243; header_3_font_size=&#8221;40px&#8221; animation_direction=&#8221;top&#8221; locked=&#8221;off&#8221; global_colors_info=&#8221;{}&#8221;]<\/p>\n<div data-scroll=\"\" data-scroll-call=\"staggerShow\" data-scroll-offset=\"20%\" class=\"is-inview\">\n<h2 class=\"js-hide\" style=\"text-align: center;\">Ficha T\u00e9cnica<\/h2>\n<\/div>\n<div class=\"js-info-container bubble-chart__wrap is-inview\" data-scroll=\"\" data-scroll-call=\"bubbles\" data-scroll-offset=\"20%\"><\/div>\n<p>[\/et_pb_text][\/et_pb_column][\/et_pb_row][et_pb_row _builder_version=&#8221;4.27.4&#8243; _module_preset=&#8221;default&#8221; global_colors_info=&#8221;{}&#8221;][et_pb_column type=&#8221;4_4&#8243; _builder_version=&#8221;4.27.4&#8243; _module_preset=&#8221;default&#8221; global_colors_info=&#8221;{}&#8221;][et_pb_text _builder_version=&#8221;4.27.4&#8243; _module_preset=&#8221;default&#8221; header_3_font=&#8221;&#8211;et_global_body_font||||||||&#8221; header_3_text_color=&#8221;#a8b2bc&#8221; header_3_font_size=&#8221;21px&#8221; header_3_line_height=&#8221;1.4em&#8221; hover_enabled=&#8221;0&#8243; global_colors_info=&#8221;{}&#8221; sticky_enabled=&#8221;0&#8243;]<\/p>\n<h3><strong>&#8220;Impressum&#8221; | Ficha T\u00e9cnica<\/strong><\/h3>\n<h3>Website da Sodecia \u2013 <a href=\"http:\/\/www.sodecia.com\">www.sodecia.com <\/a><\/h3>\n<h3><\/h3>\n<h3><\/h3>\n<h3><\/h3>\n<h3><\/h3>\n<h3><strong>1. Identifica\u00e7\u00e3o da Empresa<\/strong><\/h3>\n<h3><strong>\u00b7 Nome da Empresa: SODECIA \u2013 Participa\u00e7\u00f5es Sociais, SGPS, S.A.<\/strong><\/h3>\n<h3><strong>\u00b7 N\u00famero de Identifica\u00e7\u00e3o Fiscal (NIPC):<\/strong> 503437786.<\/h3>\n<h3><strong>\u00b7 Contactos &#8211; Endere\u00e7o Postal:<\/strong> Rua Ant\u00f3nio Bessa Leite, 1430, 4\u00ba &#8211; 4150-074 Porto, Portugal .<\/h3>\n<h3><strong>\u00b7 Correio Eletr\u00f3nico Geral:<\/strong> <a href=\"mailto:sgps@sodecia.com\">sgps@sodecia.com<\/a> .<\/h3>\n<h3><strong>\u00b7 Telefone Geral:<\/strong> (+351) 220 101 900.<\/h3>\n<h3><strong>\u00b7 Website:<\/strong> <a href=\"https:\/\/www.sodecia.com\/\">https:\/\/www.sodecia.com\/<\/a> .<\/h3>\n<h3><\/h3>\n<h3><\/h3>\n<h3><\/h3>\n<h3><\/h3>\n<h3><strong>2. Informa\u00e7\u00f5es Adicionais<\/strong><\/h3>\n<h3><strong>\u00b7 Atividade Principal:<\/strong> Gest\u00e3o de participa\u00e7\u00f5es sociais.<\/h3>\n<h3><strong>\u00b7 Capital Social:<\/strong> EUR 64,442,910.00.<\/h3>\n<h3><strong>\u00b7 Pa\u00edses de Opera\u00e7\u00e3o:<\/strong> A SODECIA possui presen\u00e7a em 13 pa\u00edses.<\/h3>\n<h3><strong>\u00b7 Divis\u00f5es:<\/strong> Automotive, Safety &amp; Mobility e Technology.<\/h3>\n<h3><strong>\u00b7 Entidade Respons\u00e1vel pelo Tratamento de Dados:<\/strong> Sodecia \u2013 Participa\u00e7\u00f5es Sociais, SGPS, SA.<\/h3>\n<h3><strong>\u00b7 Contactos do Encarregado da Prote\u00e7\u00e3o de Dados (DPO):<\/strong> Correio Eletr\u00f3nico: <a href=\"mailto:dpo@sodecia.com\">dpo@sodecia.com<\/a> ; Telefone: (+351) 213 243 750.<\/h3>\n<p>&nbsp;<\/p>\n<p>&nbsp;<\/p>\n<h3><strong>3. Propriedade Intelectual<\/strong><\/h3>\n<h3>\u00b7 Todos os conte\u00fados presentes neste website, incluindo textos, imagens, log\u00f3tipos, v\u00eddeos e outros materiais, s\u00e3o propriedade da SODECIA ou de terceiros que autorizaram a sua utiliza\u00e7\u00e3o. \u00c9 proibida a reprodu\u00e7\u00e3o, distribui\u00e7\u00e3o, modifica\u00e7\u00e3o ou qualquer outro uso sem a autoriza\u00e7\u00e3o pr\u00e9via e por escrito da SODECIA.<\/h3>\n<p>&nbsp;<\/p>\n<p>&nbsp;<\/p>\n<h3><strong>4. Responsabilidade<\/strong><\/h3>\n<h3>\u00b7 A SODECIA n\u00e3o se responsabiliza por quaisquer danos ou preju\u00edzos que possam resultar da utiliza\u00e7\u00e3o deste website, incluindo, mas n\u00e3o se limitando a, interrup\u00e7\u00f5es de servi\u00e7o, erros, omiss\u00f5es ou imprecis\u00f5es nos conte\u00fados.<\/h3>\n<h3><\/h3>\n<h3><\/h3>\n<h3><\/h3>\n<h3><\/h3>\n<h3><strong>5. Liga\u00e7\u00f5es Externas<\/strong><\/h3>\n<h3>\u00b7 O website pode conter liga\u00e7\u00f5es para websites de terceiros. A SODECIA n\u00e3o \u00e9 respons\u00e1vel pelo conte\u00fado ou pelas pol\u00edticas de privacidade desses websites. A inclus\u00e3o de qualquer liga\u00e7\u00e3o n\u00e3o implica o endosso por parte da SODECIA do website.<\/h3>\n<h3><\/h3>\n<h3><\/h3>\n<h3><\/h3>\n<h3><\/h3>\n<h3><\/h3>\n<h3><strong>6. Prote\u00e7\u00e3o de Dados<\/strong><\/h3>\n<h3><strong>\u00b7 Pol\u00edtica de Privacidade:<\/strong> Hiperliga\u00e7\u00e3o para a Pol\u00edtica de Prote\u00e7\u00e3o de Dados e Privacidade da Sodecia &#8211; <a href=\"https:\/\/sodecia.groupdpo.com\/pt-pt\/home\/politicas\/\">https:\/\/sodecia.groupdpo.com\/pt-pt\/home\/politicas\/<\/a> .<\/h3>\n<h3><strong>\u00b7 Pol\u00edtica de Cookies:<\/strong> Hiperliga\u00e7\u00e3o para a Pol\u00edtica de Cookies &#8211; <a href=\"https:\/\/sodecia.groupdpo.com\/pt-pt\/home\/politicas\/cookies\/\">https:\/\/sodecia.groupdpo.com\/pt-pt\/home\/politicas\/cookies\/<\/a> .<\/h3>\n<h3><strong>\u00b7 Formul\u00e1rio de Exerc\u00edcio de Direitos:<\/strong> Hiperliga\u00e7\u00e3o para o formul\u00e1rio de exerc\u00edcio dos direitos dos titulares dos dados pessoais &#8211; <a href=\"https:\/\/sodecia.groupdpo.com\/pt-pt\/home\/formularios\/\">https:\/\/sodecia.groupdpo.com\/pt-pt\/home\/formularios\/<\/a> .<\/h3>\n<h3><strong>\u00b7 Contactos para Quest\u00f5es de Privacidade:<\/strong> Indica\u00e7\u00e3o clara dos contactos para quest\u00f5es relacionadas com a privacidade e prote\u00e7\u00e3o de dados, incluindo o endere\u00e7o de e-mail do DPO (dpo@sodecia.com) &#8211; <a href=\"https:\/\/sodecia.groupdpo.com\/p\/data-protection-officer\/\">https:\/\/sodecia.groupdpo.com\/p\/data-protection-officer\/<\/a> .<\/h3>\n<h3><\/h3>\n<h3><\/h3>\n<h3><\/h3>\n<h3><\/h3>\n<h3><\/h3>\n<h3><\/h3>\n<h3><\/h3>\n<h3><strong>7. Canais de Den\u00fancia<\/strong><\/h3>\n<h3><strong>\u00b7 Canal de Den\u00fancias:<\/strong> Informa\u00e7\u00f5es sobre o canal de den\u00fancias da Sodecia, incluindo hiperliga\u00e7\u00e3o para a plataforma e contactos relevantes &#8211; <a href=\"https:\/\/whistleblowing.sodecia.com\/\">https:\/\/whistleblowing.sodecia.com\/<\/a> .<\/h3>\n<h3><\/h3>\n<h3><\/h3>\n<h3><\/h3>\n<h3><\/h3>\n<h3><\/h3>\n<h3><strong>8. Legisla\u00e7\u00e3o Aplic\u00e1vel<\/strong><\/h3>\n<h3>\u00b7 Este &#8220;Impressum&#8221; | Ficha T\u00e9cnica \u00e9 regido pelas leis de Portugal.<\/h3>\n<h3><\/h3>\n<h3><\/h3>\n<h3><\/h3>\n<h3><\/h3>\n<h3><\/h3>\n<h3><\/h3>\n<h3><strong>9. Resolu\u00e7\u00e3o de Lit\u00edgios<\/strong><\/h3>\n<h3>\u00b7 Em caso de lit\u00edgio, ser\u00e1 competente o foro da comarca do Porto, Portugal, com expressa ren\u00fancia a qualquer outro.<\/h3>\n<h3><\/h3>\n<h3><\/h3>\n<h3><\/h3>\n<h3><\/h3>\n<h3><\/h3>\n<h3><\/h3>\n<h3><strong>10. Idioma<\/strong><\/h3>\n<h3>\u00b7 Este &#8220;Impressum&#8221; | Ficha T\u00e9cnica est\u00e1 redigido em portugu\u00eas e em ingl\u00eas. Em caso de d\u00favidas, a vers\u00e3o em portugu\u00eas prevalece sobre tradu\u00e7\u00f5es para outros idiomas.<\/h3>\n<h3><\/h3>\n<h3><\/h3>\n<h3><\/h3>\n<h3><\/h3>\n<h3><strong>Data:<\/strong> 20250221<\/h3>\n<h3><strong>Vers\u00e3o:<\/strong> 202502<\/h3>\n<p>[\/et_pb_text][\/et_pb_column][\/et_pb_row][\/et_pb_section]<\/p>\n","protected":false},"excerpt":{"rendered":"<p>Ficha T\u00e9cnica &#8220;Impressum&#8221; | Ficha T\u00e9cnica Website da Sodecia \u2013 www.sodecia.com 1. Identifica\u00e7\u00e3o da Empresa \u00b7 Nome da Empresa: SODECIA \u2013 Participa\u00e7\u00f5es Sociais, SGPS, S.A. \u00b7 N\u00famero de Identifica\u00e7\u00e3o Fiscal (NIPC): 503437786. \u00b7 Contactos &#8211; Endere\u00e7o Postal: Rua Ant\u00f3nio Bessa Leite, 1430, 4\u00ba &#8211; 4150-074 Porto, Portugal . \u00b7 Correio Eletr\u00f3nico Geral: sgps@sodecia.com . \u00b7 [&hellip;]<\/p>\n","protected":false},"author":2,"featured_media":0,"parent":0,"menu_order":0,"comment_status":"closed","ping_status":"closed","template":"","meta":{"_acf_changed":false,"_et_pb_use_builder":"on","_et_pb_old_content":"","_et_gb_content_width":"","iawp_total_views":149,"footnotes":""},"class_list":["post-3182","page","type-page","status-publish","hentry"],"acf":[],"aioseo_notices":[],"_links":{"self":[{"href":"https:\/\/www.sodecia.com\/index.php\/wp-json\/wp\/v2\/pages\/3182","targetHints":{"allow":["GET"]}}],"collection":[{"href":"https:\/\/www.sodecia.com\/index.php\/wp-json\/wp\/v2\/pages"}],"about":[{"href":"https:\/\/www.sodecia.com\/index.php\/wp-json\/wp\/v2\/types\/page"}],"author":[{"embeddable":true,"href":"https:\/\/www.sodecia.com\/index.php\/wp-json\/wp\/v2\/users\/2"}],"replies":[{"embeddable":true,"href":"https:\/\/www.sodecia.com\/index.php\/wp-json\/wp\/v2\/comments?post=3182"}],"version-history":[{"count":6,"href":"https:\/\/www.sodecia.com\/index.php\/wp-json\/wp\/v2\/pages\/3182\/revisions"}],"predecessor-version":[{"id":3220,"href":"https:\/\/www.sodecia.com\/index.php\/wp-json\/wp\/v2\/pages\/3182\/revisions\/3220"}],"wp:attachment":[{"href":"https:\/\/www.sodecia.com\/index.php\/wp-json\/wp\/v2\/media?parent=3182"}],"curies":[{"name":"wp","href":"https:\/\/api.w.org\/{rel}","templated":true}]}}